{"id":12,"date":"2023-03-08T22:58:12","date_gmt":"2023-03-08T21:58:12","guid":{"rendered":"http:\/\/rubanscontreloubli.fr\/?page_id=12"},"modified":"2023-04-07T13:05:14","modified_gmt":"2023-04-07T11:05:14","slug":"accueil-2","status":"publish","type":"page","link":"https:\/\/rubanscontreloubli.fr\/","title":{"rendered":"Accueil"},"content":{"rendered":"\n<p><em><strong>Rubans contre l&#8217;oubli<\/strong><\/em> est une manifestation de solidarit\u00e9 et de soutien aux personnes victimes de violences sexuelles. <\/p>\n\n\n\n<p class=\"has-text-align-left\">Elle se d\u00e9roule dans une \u00e9glise, une \u00e9cole, un centre associatif ou dans tout autre espace o\u00f9 les responsables et des membres de la communaut\u00e9 se r\u00e9unissent pour exprimer leur soutien aux personnes victimes. Elle est collaborative et se vit dans un esprit de v\u00e9rit\u00e9 et de justice. <\/p>\n\n\n\n<p class=\"has-text-align-left\">Chaque participant.e est invit\u00e9.e \u00e0 nouer un ruban et\/ou d\u00e9poser un message, une pens\u00e9e ou une pri\u00e8re pour honorer la m\u00e9moire et le courage des personnes victimes de violences sexuelles.<\/p>\n\n\n\n<p><\/p>\n","protected":false},"excerpt":{"rendered":"<p>Rubans contre l&#8217;oubli est une manifestation de solidarit\u00e9 et de soutien aux personnes victimes de violences sexuelles. Elle se d\u00e9roule dans une \u00e9glise, une \u00e9cole, un centre associatif ou dans tout autre espace o\u00f9 les responsables et des membres de la communaut\u00e9 se r\u00e9unissent pour exprimer leur soutien aux personnes victimes. Elle est collaborative et &hellip; <\/p>\n<p class=\"link-more\"><a href=\"https:\/\/rubanscontreloubli.fr\/\" class=\"more-link\">Continue reading<span class=\"screen-reader-text\"> &#8220;Accueil&#8221;<\/span><\/a><\/p>\n","protected":false},"author":1,"featured_media":18,"parent":0,"menu_order":0,"comment_status":"closed","ping_status":"closed","template":"","meta":{"footnotes":""},"class_list":["post-12","page","type-page","status-publish","has-post-thumbnail","hentry"],"_links":{"self":[{"href":"https:\/\/rubanscontreloubli.fr\/index.php?rest_route=\/wp\/v2\/pages\/12","targetHints":{"allow":["GET"]}}],"collection":[{"href":"https:\/\/rubanscontreloubli.fr\/index.php?rest_route=\/wp\/v2\/pages"}],"about":[{"href":"https:\/\/rubanscontreloubli.fr\/index.php?rest_route=\/wp\/v2\/types\/page"}],"author":[{"embeddable":true,"href":"https:\/\/rubanscontreloubli.fr\/index.php?rest_route=\/wp\/v2\/users\/1"}],"replies":[{"embeddable":true,"href":"https:\/\/rubanscontreloubli.fr\/index.php?rest_route=%2Fwp%2Fv2%2Fcomments&post=12"}],"version-history":[{"count":15,"href":"https:\/\/rubanscontreloubli.fr\/index.php?rest_route=\/wp\/v2\/pages\/12\/revisions"}],"predecessor-version":[{"id":234,"href":"https:\/\/rubanscontreloubli.fr\/index.php?rest_route=\/wp\/v2\/pages\/12\/revisions\/234"}],"wp:featuredmedia":[{"embeddable":true,"href":"https:\/\/rubanscontreloubli.fr\/index.php?rest_route=\/wp\/v2\/media\/18"}],"wp:attachment":[{"href":"https:\/\/rubanscontreloubli.fr\/index.php?rest_route=%2Fwp%2Fv2%2Fmedia&parent=12"}],"curies":[{"name":"wp","href":"https:\/\/api.w.org\/{rel}","templated":true}]}}