{"id":91,"date":"2023-03-09T01:21:34","date_gmt":"2023-03-09T00:21:34","guid":{"rendered":"http:\/\/rubanscontreloubli.fr\/?page_id=91"},"modified":"2025-03-14T18:14:10","modified_gmt":"2025-03-14T17:14:10","slug":"calendrier","status":"publish","type":"page","link":"https:\/\/rubanscontreloubli.fr\/?page_id=91","title":{"rendered":"Calendrier des \u00e9v\u00e8nements"},"content":{"rendered":"\n<p class=\"has-vivid-purple-color has-text-color has-link-color wp-elements-9af319bbeaff136280a3ed92a548f5eb\"><strong><a href=\"https:\/\/www.orleans.catholique.fr\/actualites\/13378-les-rubans-contre-loubli\/\">ORLEANS 2025<\/a><\/strong><\/p>\n\n\n\n<p class=\"has-vivid-purple-color has-text-color has-link-color wp-elements-985c21dd8a6dd8cf16ad8e5a770f037c\"><span class=\"css-1qaijid r-bcqeeo r-qvutc0 r-poiln3\" style=\"text-overflow: unset;\">Des personnes victimes de violences sexuelles dans l\u2019Eglise catholique, en collaboration avec le Service protection-\u00e9ducation-pr\u00e9vention du dioc\u00e8se d\u2019Orl\u00e9ans, organisent un \u00e9v\u00e9nement \u00ab Rubans contre l\u2019oubli \u00bb du 20 au 28 mars \u00e0 la cath\u00e9drale.<\/span> <\/p>\n\n\n\n<p class=\"has-vivid-purple-color has-text-color has-link-color wp-elements-8684b8312b5dc3c5e33039e5dd2208f2\">Merci d&#8217;envoyer votre message de soutien aux personnes victimes de violences sexuelles \u00e0 contact@rubanscontreloubli.fr.<\/p>\n\n\n\n<p class=\"has-vivid-cyan-blue-color has-text-color has-link-color wp-elements-e09c0f1762e0475e779ea9a3b8cf4d34\"><a href=\"http:\/\/Service protection-\u00e9ducation-pr\u00e9vention du dioc\u00e8se d\u2019Orl\u00e9ans\">Communique de presse du <span class=\"css-1qaijid r-bcqeeo r-qvutc0 r-poiln3\" style=\"text-overflow: unset;\">Service protection-\u00e9ducation-pr\u00e9vention du dioc\u00e8se d\u2019Orl\u00e9ans<\/span><\/a><\/p>\n\n\n\n<p class=\"has-vivid-cyan-blue-color has-text-color has-link-color wp-elements-835f11fd4218b488d76ad523b5396e67\"><strong>ORLEANS <\/strong>2024<\/p>\n\n\n\n<p class=\"has-vivid-cyan-blue-color has-text-color has-link-color wp-elements-05632029db11419b895fe2527d27a9af\"><\/p>\n\n\n\n<div data-wp-interactive=\"core\/file\" class=\"wp-block-file\"><object data-wp-bind--hidden=\"!state.hasPdfPreview\" hidden class=\"wp-block-file__embed\" data=\"https:\/\/rubanscontreloubli.fr\/wp-content\/uploads\/2024\/02\/CP-Rubans-contre-loubli-Orleans-2024.pdf\" type=\"application\/pdf\" style=\"width:100%;height:600px\" aria-label=\"Embed of CP-Rubans-contre-loubli-Orleans-2024.\"><\/object><a id=\"wp-block-file--media-155ab54c-df26-47b9-baf8-3366d35cee75\" href=\"https:\/\/rubanscontreloubli.fr\/wp-content\/uploads\/2024\/02\/CP-Rubans-contre-loubli-Orleans-2024.pdf\">CP-Rubans-contre-loubli-Orleans-2024<\/a><a href=\"https:\/\/rubanscontreloubli.fr\/wp-content\/uploads\/2024\/02\/CP-Rubans-contre-loubli-Orleans-2024.pdf\" class=\"wp-block-file__button wp-element-button\" download aria-describedby=\"wp-block-file--media-155ab54c-df26-47b9-baf8-3366d35cee75\">Download<\/a><\/div>\n\n\n\n<p class=\"has-vivid-red-color has-text-color\"><strong>BIRMINGHAM <\/strong><\/p>\n\n\n\n<p class=\"has-vivid-red-color has-text-color\">Rubans contre l&#8217;oubli participe \u00e0 la &#8220;LoudFence&#8221; organis\u00e9e par l&#8217;archidioc\u00e8se catholique de Birmingham \u00e0 la cath\u00e9drale Saint Chad <strong>le dimanche 7 mai<\/strong> 2023. Vous pouvez envoyer votre message de soutien aux personnes victimes de violences sexuelles \u00e0 contact@rubanscontreloubli.fr. Nous serons honor\u00e9s de l&#8217;apporter \u00e0 Birmingham. Nous nous occupons de la traduction en anglais. <\/p>\n\n\n\n<figure class=\"wp-block-image size-large\"><img loading=\"lazy\" decoding=\"async\" width=\"1024\" height=\"358\" src=\"https:\/\/rubanscontreloubli.fr\/wp-content\/uploads\/2023\/04\/Screenshot-2023-04-29-at-12-55-42-All-invited-to-take-part-in-a-LOUDfence-at-St-Chads-Cathedral-1024x358.png\" alt=\"\" class=\"wp-image-275\" srcset=\"https:\/\/rubanscontreloubli.fr\/wp-content\/uploads\/2023\/04\/Screenshot-2023-04-29-at-12-55-42-All-invited-to-take-part-in-a-LOUDfence-at-St-Chads-Cathedral-1024x358.png 1024w, https:\/\/rubanscontreloubli.fr\/wp-content\/uploads\/2023\/04\/Screenshot-2023-04-29-at-12-55-42-All-invited-to-take-part-in-a-LOUDfence-at-St-Chads-Cathedral-300x105.png 300w, https:\/\/rubanscontreloubli.fr\/wp-content\/uploads\/2023\/04\/Screenshot-2023-04-29-at-12-55-42-All-invited-to-take-part-in-a-LOUDfence-at-St-Chads-Cathedral-768x269.png 768w, https:\/\/rubanscontreloubli.fr\/wp-content\/uploads\/2023\/04\/Screenshot-2023-04-29-at-12-55-42-All-invited-to-take-part-in-a-LOUDfence-at-St-Chads-Cathedral.png 1280w\" sizes=\"auto, (max-width: 767px) 89vw, (max-width: 1000px) 54vw, (max-width: 1071px) 543px, 580px\" \/><\/figure>\n\n\n\n<p class=\"has-vivid-red-color has-text-color\">Vous pouvez aussi envoyer votre message directement aux organisateurs de Birmingham via ce lien : <a href=\"https:\/\/www.birminghamdiocese.org.uk\/forms\/loudfence-at-st-chads-cathedral\">https:\/\/www.birminghamdiocese.org.uk\/forms\/loudfence-at-st-chads-cathedral<\/a><\/p>\n\n\n\n<p class=\"has-vivid-cyan-blue-color has-text-color\"><strong>PARIS &#8211; Si\u00e8ge de la Conf\u00e9rence des \u00e9v\u00eaques de France <\/strong><\/p>\n\n\n\n<p class=\"has-vivid-cyan-blue-color has-text-color\">Les salari\u00e9s et les visiteurs sont invit\u00e9s \u00e0 manifester leur soutien lors de leur passage au si\u00e8ge de la <a href=\"https:\/\/eglise.catholique.fr\/conference-des-eveques-de-france\/\">Conf\u00e9rence des \u00e9v\u00eaques de France<\/a> \u00e0 Paris \u00e0 partir du <strong>lundi 24 avril 2023. <\/strong> Vous pouvez y participer sur les r\u00e9seaux sociaux avec les hashtags. #RubansContreLoubli    #CEF<\/p>\n\n\n\n<figure class=\"wp-block-image size-large\"><img loading=\"lazy\" decoding=\"async\" width=\"1024\" height=\"768\" src=\"https:\/\/rubanscontreloubli.fr\/wp-content\/uploads\/2023\/04\/IMG_7504-1024x768.jpg\" alt=\"\" class=\"wp-image-277\" srcset=\"https:\/\/rubanscontreloubli.fr\/wp-content\/uploads\/2023\/04\/IMG_7504-1024x768.jpg 1024w, https:\/\/rubanscontreloubli.fr\/wp-content\/uploads\/2023\/04\/IMG_7504-300x225.jpg 300w, https:\/\/rubanscontreloubli.fr\/wp-content\/uploads\/2023\/04\/IMG_7504-768x576.jpg 768w, https:\/\/rubanscontreloubli.fr\/wp-content\/uploads\/2023\/04\/IMG_7504-1536x1152.jpg 1536w, https:\/\/rubanscontreloubli.fr\/wp-content\/uploads\/2023\/04\/IMG_7504-2048x1536.jpg 2048w\" sizes=\"auto, (max-width: 767px) 89vw, (max-width: 1000px) 54vw, (max-width: 1071px) 543px, 580px\" \/><\/figure>\n\n\n\n<p><\/p>\n\n\n\n<div class=\"wp-block-columns is-layout-flex wp-container-core-columns-is-layout-9d6595d7 wp-block-columns-is-layout-flex\">\n<div class=\"wp-block-column is-layout-flow wp-block-column-is-layout-flow\">\n<p class=\"has-vivid-cyan-blue-color has-white-background-color has-text-color has-background\"><strong>PARTICIPATION \u00e0 DISTANCE<\/strong><\/p>\n\n\n\n<p class=\"has-vivid-cyan-blue-color has-white-background-color has-text-color has-background\"><strong><em>Si vous ne pouvez pas participer \u00e0 un \u00e9v\u00e8nement sur place, vous pouvez envoyer votre message de soutien par courriel  <\/em><\/strong>                     <strong><em>contact@          rubanscontreloubli.fr<\/em><\/strong> <strong><em>ou sur Twitter @ContreLoubli #RubansContreLoubli<\/em><\/strong>     <strong><em>Contactez-nous pour nous envoyer votre message manuscrit par la poste.<\/em><\/strong><\/p>\n\n\n\n<p class=\"has-vivid-cyan-blue-color has-white-background-color has-text-color has-background\"><strong><em>  <\/em><\/strong><\/p>\n\n\n\n<p><\/p>\n<\/div>\n\n\n\n<div class=\"wp-block-column is-layout-flow wp-block-column-is-layout-flow\">\n<figure class=\"wp-block-image size-large is-resized\"><img loading=\"lazy\" decoding=\"async\" width=\"768\" height=\"1024\" src=\"https:\/\/rubanscontreloubli.fr\/wp-content\/uploads\/2023\/03\/IMG_20230216_161643_587-1-768x1024.jpg\" alt=\"\" class=\"wp-image-142\" style=\"width:384px;height:512px\" srcset=\"https:\/\/rubanscontreloubli.fr\/wp-content\/uploads\/2023\/03\/IMG_20230216_161643_587-1-768x1024.jpg 768w, https:\/\/rubanscontreloubli.fr\/wp-content\/uploads\/2023\/03\/IMG_20230216_161643_587-1-225x300.jpg 225w, https:\/\/rubanscontreloubli.fr\/wp-content\/uploads\/2023\/03\/IMG_20230216_161643_587-1-1152x1536.jpg 1152w, https:\/\/rubanscontreloubli.fr\/wp-content\/uploads\/2023\/03\/IMG_20230216_161643_587-1-1536x2048.jpg 1536w, https:\/\/rubanscontreloubli.fr\/wp-content\/uploads\/2023\/03\/IMG_20230216_161643_587-1-scaled.jpg 1920w\" sizes=\"auto, (max-width: 767px) 89vw, (max-width: 1000px) 54vw, (max-width: 1071px) 543px, 580px\" \/><figcaption class=\"wp-element-caption\"><em>Merci \u00e0 tous ceux et celles qui ont le courage d&#8217;aller de l&#8217;avant et parler de leurs exp\u00e9riences. <\/em><\/figcaption><\/figure>\n<\/div>\n<\/div>\n","protected":false},"excerpt":{"rendered":"<p>ORLEANS 2025 Des personnes victimes de violences sexuelles dans l\u2019Eglise catholique, en collaboration avec le Service protection-\u00e9ducation-pr\u00e9vention du dioc\u00e8se d\u2019Orl\u00e9ans, organisent un \u00e9v\u00e9nement \u00ab Rubans contre l\u2019oubli \u00bb du 20 au 28 mars \u00e0 la cath\u00e9drale. Merci d&#8217;envoyer votre message de soutien aux personnes victimes de violences sexuelles \u00e0 contact@rubanscontreloubli.fr. Communique de presse du Service &hellip; <\/p>\n<p class=\"link-more\"><a href=\"https:\/\/rubanscontreloubli.fr\/?page_id=91\" class=\"more-link\">Continue reading<span class=\"screen-reader-text\"> &#8220;Calendrier des \u00e9v\u00e8nements&#8221;<\/span><\/a><\/p>\n","protected":false},"author":1,"featured_media":0,"parent":0,"menu_order":0,"comment_status":"closed","ping_status":"closed","template":"","meta":{"footnotes":""},"class_list":["post-91","page","type-page","status-publish","hentry"],"_links":{"self":[{"href":"https:\/\/rubanscontreloubli.fr\/index.php?rest_route=\/wp\/v2\/pages\/91","targetHints":{"allow":["GET"]}}],"collection":[{"href":"https:\/\/rubanscontreloubli.fr\/index.php?rest_route=\/wp\/v2\/pages"}],"about":[{"href":"https:\/\/rubanscontreloubli.fr\/index.php?rest_route=\/wp\/v2\/types\/page"}],"author":[{"embeddable":true,"href":"https:\/\/rubanscontreloubli.fr\/index.php?rest_route=\/wp\/v2\/users\/1"}],"replies":[{"embeddable":true,"href":"https:\/\/rubanscontreloubli.fr\/index.php?rest_route=%2Fwp%2Fv2%2Fcomments&post=91"}],"version-history":[{"count":44,"href":"https:\/\/rubanscontreloubli.fr\/index.php?rest_route=\/wp\/v2\/pages\/91\/revisions"}],"predecessor-version":[{"id":355,"href":"https:\/\/rubanscontreloubli.fr\/index.php?rest_route=\/wp\/v2\/pages\/91\/revisions\/355"}],"wp:attachment":[{"href":"https:\/\/rubanscontreloubli.fr\/index.php?rest_route=%2Fwp%2Fv2%2Fmedia&parent=91"}],"curies":[{"name":"wp","href":"https:\/\/api.w.org\/{rel}","templated":true}]}}